{"id":5475,"date":"2021-10-01T13:01:38","date_gmt":"2021-10-01T13:01:38","guid":{"rendered":"https:\/\/the7.io\/business-advisors\/?page_id=5475"},"modified":"2025-02-27T04:32:32","modified_gmt":"2025-02-27T04:32:32","slug":"terms-conditions","status":"publish","type":"page","link":"https:\/\/hysay.com\/pt\/terms-conditions\/","title":{"rendered":"Termos e Condi\u00e7\u00f5es"},"content":{"rendered":"<div data-elementor-type=\"wp-page\" data-elementor-id=\"5475\" class=\"elementor elementor-5475\" data-elementor-post-type=\"page\">\n\t\t\t\t\t\t<section class=\"elementor-section elementor-top-section elementor-element elementor-element-691aec9 elementor-section-boxed elementor-section-height-default elementor-section-height-default\" data-id=\"691aec9\" data-element_type=\"section\" data-e-type=\"section\">\n\t\t\t\t\t\t<div class=\"elementor-container elementor-column-gap-wider\">\n\t\t\t\t\t<div class=\"elementor-column elementor-col-100 elementor-top-column elementor-element elementor-element-9022588\" data-id=\"9022588\" data-element_type=\"column\" data-e-type=\"column\">\n\t\t\t<div class=\"elementor-widget-wrap elementor-element-populated\">\n\t\t\t\t\t\t<div class=\"elementor-element elementor-element-223cd16 elementor-widget elementor-widget-text-editor\" data-id=\"223cd16\" data-element_type=\"widget\" data-e-type=\"widget\" data-widget_type=\"text-editor.default\">\n\t\t\t\t<div class=\"elementor-widget-container\">\n\t\t\t\t\t\t\t\t\t<h1>Termos e Condi\u00e7\u00f5es<\/h1><p>\u00a0Leia estes termos e condi\u00e7\u00f5es cuidadosamente antes de usar Nosso Servi\u00e7o.<\/p><h2>Interpreta\u00e7\u00e3o e Defini\u00e7\u00f5es<\/h2><h3>Interpreta\u00e7\u00e3o<\/h3><p>As palavras cuja letra inicial \u00e9 mai\u00fascula t\u00eam significados definidos nas seguintes condi\u00e7\u00f5es. As seguintes defini\u00e7\u00f5es ter\u00e3o o mesmo significado, independentemente de aparecerem no singular ou no plural.<\/p><h3>Defini\u00e7\u00f5es<\/h3><p>Para efeitos destes Termos e Condi\u00e7\u00f5es:<\/p><ul><li><p><strong>Afiliado<\/strong> significa uma entidade que controla, \u00e9 controlada por ou est\u00e1 sob controle comum com uma parte, onde \u201ccontrole\u201d significa propriedade de 50% ou mais a\u00e7\u00f5es, participa\u00e7\u00e3o acion\u00e1ria ou outros t\u00edtulos com direito a voto para elei\u00e7\u00e3o de diretores ou outra autoridade administrativa.<\/p><\/li><li><p><strong>Pa\u00eds<\/strong> refere-se a: China<\/p><\/li><li><p><strong>Empresa<\/strong> (referida como \u201ca Empresa\u201d, \u201cN\u00f3s\u201d, \u201cNos\u201d ou \u201cNosso\u201d neste Contrato) refere-se \u00e0 Ningbo HySay Apparel Co., Ltd, No. 335, Jinguzhong Road, Distrito de Yinzhou, Ningbo, China.<\/p><\/li><li><p><strong>Dispositivo<\/strong> significa qualquer dispositivo que possa acessar o Servi\u00e7o, como um computador, um celular ou um tablet digital.<\/p><\/li><li><p><strong>Servi\u00e7o<\/strong> refere-se ao Site.<\/p><\/li><li><p><strong>Termos e Condi\u00e7\u00f5es<\/strong> (tamb\u00e9m denominados \u201cTermos\u201d) significam estes Termos e Condi\u00e7\u00f5es que formam o acordo integral entre Voc\u00ea e a Empresa em rela\u00e7\u00e3o ao uso do Servi\u00e7o.\u00a0<\/p><\/li><li><p><strong>Servi\u00e7o de m\u00eddia social de terceiros<\/strong> significa quaisquer servi\u00e7os ou conte\u00fados (incluindo dados, informa\u00e7\u00f5es, produtos ou servi\u00e7os) fornecidos por terceiros que podem ser exibidos, inclu\u00eddos ou disponibilizados pelo Servi\u00e7o.<\/p><\/li><li><p><strong>Site<\/strong> refere-se a HySay Apparel, acess\u00edvel em <a href=\"https:\/\/hysay.com\/pt\/\" target=\"_blank\" rel=\"external nofollow noopener\">https:\/\/hysay.com\/<\/a><\/p><\/li><li><p><strong>Voc\u00ea<\/strong> significa o indiv\u00edduo que acessa ou usa o Servi\u00e7o, ou a empresa, ou outra entidade legal em nome da qual tal indiv\u00edduo est\u00e1 acessando ou usando o Servi\u00e7o, conforme aplic\u00e1vel.<\/p><\/li><\/ul><h2>Reconhecimento<\/h2><p>Estes s\u00e3o os Termos e Condi\u00e7\u00f5es que regem o uso deste Servi\u00e7o e o contrato que vigora entre Voc\u00ea e a Empresa. Estes Termos e Condi\u00e7\u00f5es estabelecem os direitos e obriga\u00e7\u00f5es de todos os usu\u00e1rios em rela\u00e7\u00e3o ao uso do Servi\u00e7o.<\/p><p>Seu acesso e uso do Servi\u00e7o est\u00e3o condicionados \u00e0 sua aceita\u00e7\u00e3o e conformidade com estes Termos e Condi\u00e7\u00f5es. Estes Termos e Condi\u00e7\u00f5es se aplicam a todos os visitantes, usu\u00e1rios e outras pessoas que acessam ou utilizam o Servi\u00e7o.<\/p><p>Ao acessar ou utilizar o Servi\u00e7o, voc\u00ea concorda em se comprometer com estes Termos e Condi\u00e7\u00f5es. Caso discorde de qualquer parte destes Termos e Condi\u00e7\u00f5es, voc\u00ea n\u00e3o poder\u00e1 acessar o Servi\u00e7o.<\/p><p>Voc\u00ea declara que tem mais de 18 anos. A Empresa n\u00e3o permite que menores de 18 anos utilizem o Servi\u00e7o.<\/p><p>Seu acesso e uso do Servi\u00e7o tamb\u00e9m est\u00e3o condicionados \u00e0 sua aceita\u00e7\u00e3o e conformidade com a Pol\u00edtica de Privacidade da Empresa. Nossa Pol\u00edtica de Privacidade descreve nossas pol\u00edticas e procedimentos sobre a coleta, uso e divulga\u00e7\u00e3o de suas informa\u00e7\u00f5es pessoais quando voc\u00ea utiliza o Aplicativo ou o Site e informa sobre seus direitos de privacidade e como a lei o protege. Leia nossa Pol\u00edtica de Privacidade atentamente antes de utilizar nosso Servi\u00e7o.<\/p><h2>Links para outros sites<\/h2><p>Nosso Servi\u00e7o pode conter links para sites ou servi\u00e7os de terceiros que n\u00e3o s\u00e3o de propriedade ou controlados pela Empresa.<\/p><p>A Empresa n\u00e3o tem controle e n\u00e3o assume qualquer responsabilidade pelo conte\u00fado, pol\u00edticas de privacidade ou pr\u00e1ticas de quaisquer sites ou servi\u00e7os de terceiros. Voc\u00ea tamb\u00e9m reconhece e concorda que a Empresa n\u00e3o ser\u00e1 respons\u00e1vel, direta ou indiretamente, por quaisquer danos ou perdas causados ou supostamente causados por ou em conex\u00e3o com o uso ou confian\u00e7a em qualquer conte\u00fado, bens ou servi\u00e7os dispon\u00edveis em ou por meio de tais sites ou servi\u00e7os.<\/p><p>Recomendamos fortemente que voc\u00ea leia os termos e condi\u00e7\u00f5es e as pol\u00edticas de privacidade de quaisquer sites ou servi\u00e7os de terceiros que voc\u00ea visitar.<\/p><h2>Rescis\u00e3o<\/h2><p>Podemos rescindir ou suspender seu acesso imediatamente, sem aviso pr\u00e9vio ou responsabilidade, por qualquer motivo, incluindo, sem limita\u00e7\u00e3o, se voc\u00ea violar estes Termos e Condi\u00e7\u00f5es.<\/p><p>Ap\u00f3s a rescis\u00e3o, seu direito de usar o Servi\u00e7o cessar\u00e1 imediatamente.<\/p><h2>Limita\u00e7\u00e3o de responsabilidade<\/h2><p>N\u00e3o obstante quaisquer danos que Voc\u00ea possa incorrer, toda a responsabilidade da Empresa e de qualquer um de seus fornecedores sob qualquer disposi\u00e7\u00e3o destes Termos e Seu recurso exclusivo para todos os itens acima ser\u00e3o limitados ao valor efetivamente pago por Voc\u00ea atrav\u00e9s do Servi\u00e7o ou 100 USD se Voc\u00ea n\u00e3o tiver comprado nada atrav\u00e9s do Servi\u00e7o.<\/p><p>At\u00e9 a extens\u00e3o m\u00e1xima permitida pela lei aplic\u00e1vel, em nenhuma hip\u00f3tese a Empresa ou seus fornecedores ser\u00e3o respons\u00e1veis por quaisquer danos especiais, incidentais, indiretos ou consequenciais (incluindo, mas n\u00e3o se limitando a, danos por perda de lucros, perda de dados ou outras informa\u00e7\u00f5es, por interrup\u00e7\u00e3o de neg\u00f3cios, por danos pessoais, perda de privacidade decorrente ou de qualquer forma relacionada ao uso ou incapacidade de usar o Servi\u00e7o, software de terceiros e\/ou hardware de terceiros usado com o Servi\u00e7o, ou de outra forma em conex\u00e3o com qualquer disposi\u00e7\u00e3o destes Termos), mesmo que a Empresa ou qualquer fornecedor tenha sido avisado da possibilidade de tais danos e mesmo que a solu\u00e7\u00e3o n\u00e3o atenda ao seu prop\u00f3sito essencial.<\/p><p>Alguns estados n\u00e3o permitem a exclus\u00e3o de garantias impl\u00edcitas ou a limita\u00e7\u00e3o de responsabilidade por danos incidentais ou consequenciais, o que significa que algumas das limita\u00e7\u00f5es acima podem n\u00e3o se aplicar. Nesses estados, a responsabilidade de cada parte ser\u00e1 limitada ao m\u00e1ximo permitido por lei.<\/p><h2>Isen\u00e7\u00e3o de responsabilidade \u201cCOMO EST\u00c1\u201d e \u201cCONFORME DISPON\u00cdVEL\u201d<\/h2><p>O Servi\u00e7o \u00e9 fornecido a Voc\u00ea &quot;NO ESTADO EM QUE SE ENCONTRA&quot; e &quot;CONFORME DISPON\u00cdVEL&quot;, com todas as falhas e defeitos, sem garantia de qualquer tipo. Na extens\u00e3o m\u00e1xima permitida pela legisla\u00e7\u00e3o aplic\u00e1vel, a Empresa, em seu pr\u00f3prio nome e em nome de suas Afiliadas e seus respectivos licenciadores e prestadores de servi\u00e7os, isenta-se expressamente de todas as garantias, sejam elas expressas, impl\u00edcitas, estatut\u00e1rias ou de outra forma, com rela\u00e7\u00e3o ao Servi\u00e7o, incluindo todas as garantias impl\u00edcitas de comercializa\u00e7\u00e3o, adequa\u00e7\u00e3o a uma finalidade espec\u00edfica, titularidade e n\u00e3o viola\u00e7\u00e3o, e garantias que possam surgir do curso da negocia\u00e7\u00e3o, curso do desempenho, uso ou pr\u00e1tica comercial. Sem limita\u00e7\u00e3o ao exposto, a Empresa n\u00e3o oferece nenhuma garantia ou compromisso, e n\u00e3o faz nenhuma representa\u00e7\u00e3o de qualquer tipo de que o Servi\u00e7o atender\u00e1 aos Seus requisitos, alcan\u00e7ar\u00e1 os resultados pretendidos, ser\u00e1 compat\u00edvel ou funcionar\u00e1 com qualquer outro software, aplicativo, sistema ou servi\u00e7o, operar\u00e1 sem interrup\u00e7\u00e3o, atender\u00e1 a quaisquer padr\u00f5es de desempenho ou confiabilidade ou estar\u00e1 livre de erros ou que quaisquer erros ou defeitos podem ou ser\u00e3o corrigidos.<\/p><p>Sem limitar o exposto acima, nem a Empresa nem nenhum de seus provedores faz qualquer representa\u00e7\u00e3o ou garantia de qualquer tipo, expressa ou impl\u00edcita: (i) quanto \u00e0 opera\u00e7\u00e3o ou disponibilidade do Servi\u00e7o, ou \u00e0s informa\u00e7\u00f5es, conte\u00fado e materiais ou produtos nele inclu\u00eddos; (ii) que o Servi\u00e7o ser\u00e1 ininterrupto ou livre de erros; (iii) quanto \u00e0 precis\u00e3o, confiabilidade ou atualidade de qualquer informa\u00e7\u00e3o ou conte\u00fado fornecido por meio do Servi\u00e7o; ou (iv) que o Servi\u00e7o, seus servidores, o conte\u00fado ou e-mails enviados de ou em nome da Empresa est\u00e3o livres de v\u00edrus, scripts, cavalos de Troia, worms, malware, bombas-rel\u00f3gio ou outros componentes prejudiciais.<\/p><p>Algumas jurisdi\u00e7\u00f5es n\u00e3o permitem a exclus\u00e3o de certos tipos de garantias ou limita\u00e7\u00f5es aos direitos legais aplic\u00e1veis de um consumidor, portanto, algumas ou todas as exclus\u00f5es e limita\u00e7\u00f5es acima podem n\u00e3o se aplicar a Voc\u00ea. Mas, nesse caso, as exclus\u00f5es e limita\u00e7\u00f5es estabelecidas nesta se\u00e7\u00e3o ser\u00e3o aplicadas na maior extens\u00e3o poss\u00edvel, conforme a legisla\u00e7\u00e3o aplic\u00e1vel.<\/p><h2>Lei aplic\u00e1vel<\/h2><p>As leis do Pa\u00eds, excluindo suas normas de conflitos de leis, reger\u00e3o estes Termos e o seu uso do Servi\u00e7o. O seu uso do Aplicativo tamb\u00e9m poder\u00e1 estar sujeito a outras leis locais, estaduais, nacionais ou internacionais.<\/p><h2>Resolu\u00e7\u00e3o de Disputas<\/h2><p>Caso tenha alguma d\u00favida ou disputa sobre o Servi\u00e7o, voc\u00ea concorda em primeiro tentar resolver a disputa informalmente entrando em contato com a Empresa.<\/p><h2>Para usu\u00e1rios da Uni\u00e3o Europeia (UE)<\/h2><p>Se voc\u00ea for um consumidor da Uni\u00e3o Europeia, voc\u00ea se beneficiar\u00e1 de quaisquer disposi\u00e7\u00f5es obrigat\u00f3rias da lei do pa\u00eds em que reside.<\/p><h2>Conformidade legal dos Estados Unidos<\/h2><p>Voc\u00ea declara e garante que (i) Voc\u00ea n\u00e3o est\u00e1 localizado em um pa\u00eds sujeito ao embargo do governo dos Estados Unidos, ou que foi designado pelo governo dos Estados Unidos como um pa\u00eds \u201cque apoia o terrorismo\u201d e (ii) Voc\u00ea n\u00e3o est\u00e1 listado em nenhuma lista do governo dos Estados Unidos de partes proibidas ou restritas.<\/p><h2>Divisibilidade e Ren\u00fancia<\/h2><h3>Divisibilidade<\/h3><p>Se qualquer disposi\u00e7\u00e3o destes Termos for considerada inexequ\u00edvel ou inv\u00e1lida, tal disposi\u00e7\u00e3o ser\u00e1 alterada e interpretada para atingir seus objetivos na maior extens\u00e3o poss\u00edvel segundo a lei aplic\u00e1vel, e as disposi\u00e7\u00f5es restantes continuar\u00e3o em pleno vigor e efeito.<\/p><h3>Ren\u00fancia<\/h3><p>Exceto conforme disposto aqui, a falha em exercer um direito ou exigir o cumprimento de uma obriga\u00e7\u00e3o sob estes Termos n\u00e3o afetar\u00e1 a capacidade de uma parte de exercer tal direito ou exigir tal cumprimento a qualquer momento posterior, nem a ren\u00fancia de uma viola\u00e7\u00e3o constituir\u00e1 uma ren\u00fancia de qualquer viola\u00e7\u00e3o subsequente.<\/p><h2>Tradu\u00e7\u00e3o Interpreta\u00e7\u00e3o<\/h2><p>Estes Termos e Condi\u00e7\u00f5es podem ter sido traduzidos se os tivermos disponibilizado a Voc\u00ea em nosso Servi\u00e7o.<br \/>Voc\u00ea concorda que o texto original em ingl\u00eas prevalecer\u00e1 em caso de disputa.<\/p><h2>Altera\u00e7\u00f5es a estes Termos e Condi\u00e7\u00f5es<\/h2><p>Reservamo-nos o direito, a Nosso exclusivo crit\u00e9rio, de modificar ou substituir estes Termos a qualquer momento. Caso uma revis\u00e3o seja relevante, faremos todos os esfor\u00e7os razo\u00e1veis para notific\u00e1-los com pelo menos 30 dias de anteced\u00eancia da entrada em vigor de quaisquer novos termos. O que constitui uma altera\u00e7\u00e3o relevante ser\u00e1 determinado a Nosso exclusivo crit\u00e9rio.<\/p><p>Ao continuar a acessar ou utilizar Nosso Servi\u00e7o ap\u00f3s a entrada em vigor dessas revis\u00f5es, Voc\u00ea concorda em se comprometer com os termos revisados. Caso n\u00e3o concorde com os novos termos, no todo ou em parte, pare de utilizar o site e o Servi\u00e7o.<\/p><h2>Contate-nos<\/h2><p>Caso tenha alguma d\u00favida sobre estes Termos e Condi\u00e7\u00f5es, entre em contato conosco:<\/p><ul><li>Ao visitar esta p\u00e1gina em nosso site: <a href=\"https:\/\/hysay.com\/pt\/contact\/\" target=\"_blank\" rel=\"external nofollow noopener\">https:\/\/hysay.com\/contact\/<\/a><\/li><\/ul>\t\t\t\t\t\t\t\t<\/div>\n\t\t\t\t<\/div>\n\t\t\t\t\t<\/div>\n\t\t<\/div>\n\t\t\t\t\t<\/div>\n\t\t<\/section>\n\t\t\t\t<\/div>","protected":false},"excerpt":{"rendered":"<p>Termos e Condi\u00e7\u00f5es Leia atentamente estes termos e condi\u00e7\u00f5es antes de usar o nosso Servi\u00e7o. Interpreta\u00e7\u00e3o e Defini\u00e7\u00f5es Interpreta\u00e7\u00e3o As palavras com a primeira letra mai\u00fascula t\u00eam significados definidos nas seguintes condi\u00e7\u00f5es. As seguintes defini\u00e7\u00f5es ter\u00e3o o mesmo significado, independentemente de aparecerem no singular ou no plural. Defini\u00e7\u00f5es Para o\u2026<\/p>","protected":false},"author":1,"featured_media":0,"parent":0,"menu_order":40,"comment_status":"closed","ping_status":"closed","template":"","meta":{"footnotes":""},"class_list":["post-5475","page","type-page","status-publish","hentry"],"yoast_head":"<!-- This site is optimized with the Yoast SEO plugin v27.2 - https:\/\/yoast.com\/product\/yoast-seo-wordpress\/ -->\n<title>Terms &amp; Conditions | HySay Textiles<\/title>\n<meta name=\"description\" content=\"Are you looking for best home textiles, custom socks factory? We are the reliable partner manufacturer. Contact us!\" \/>\n<meta name=\"robots\" content=\"index, follow, max-snippet:-1, max-image-preview:large, max-video-preview:-1\" \/>\n<link rel=\"canonical\" href=\"https:\/\/hysay.com\/pt\/terms-conditions\/\" \/>\n<meta property=\"og:locale\" content=\"pt_PT\" \/>\n<meta property=\"og:type\" content=\"article\" \/>\n<meta property=\"og:title\" content=\"Terms &amp; Conditions | HySay Textiles\" \/>\n<meta property=\"og:description\" content=\"Are you looking for best home textiles, custom socks factory? We are the reliable partner manufacturer. Contact us!\" \/>\n<meta property=\"og:url\" content=\"https:\/\/hysay.com\/pt\/terms-conditions\/\" \/>\n<meta property=\"og:site_name\" content=\"HySay\" \/>\n<meta property=\"article:modified_time\" content=\"2025-02-27T04:32:32+00:00\" \/>\n<meta name=\"twitter:card\" content=\"summary_large_image\" \/>\n<meta name=\"twitter:label1\" content=\"Tempo estimado de leitura\" \/>\n\t<meta name=\"twitter:data1\" content=\"8 minutos\" \/>\n<script type=\"application\/ld+json\" class=\"yoast-schema-graph\">{\"@context\":\"https:\/\/schema.org\",\"@graph\":[{\"@type\":\"WebPage\",\"@id\":\"https:\/\/hysay.com\/terms-conditions\/\",\"url\":\"https:\/\/hysay.com\/terms-conditions\/\",\"name\":\"Terms & Conditions | HySay Textiles\",\"isPartOf\":{\"@id\":\"https:\/\/hysay.com\/#website\"},\"datePublished\":\"2021-10-01T13:01:38+00:00\",\"dateModified\":\"2025-02-27T04:32:32+00:00\",\"description\":\"Are you looking for best home textiles, custom socks factory? We are the reliable partner manufacturer. Contact us!\",\"breadcrumb\":{\"@id\":\"https:\/\/hysay.com\/terms-conditions\/#breadcrumb\"},\"inLanguage\":\"pt-PT\",\"potentialAction\":[{\"@type\":\"ReadAction\",\"target\":[\"https:\/\/hysay.com\/terms-conditions\/\"]}]},{\"@type\":\"BreadcrumbList\",\"@id\":\"https:\/\/hysay.com\/terms-conditions\/#breadcrumb\",\"itemListElement\":[{\"@type\":\"ListItem\",\"position\":1,\"name\":\"Home\",\"item\":\"https:\/\/hysay.com\/\"},{\"@type\":\"ListItem\",\"position\":2,\"name\":\"Terms &#038; Conditions\"}]},{\"@type\":\"WebSite\",\"@id\":\"https:\/\/hysay.com\/#website\",\"url\":\"https:\/\/hysay.com\/\",\"name\":\"HySay\",\"description\":\"\",\"publisher\":{\"@id\":\"https:\/\/hysay.com\/#organization\"},\"potentialAction\":[{\"@type\":\"SearchAction\",\"target\":{\"@type\":\"EntryPoint\",\"urlTemplate\":\"https:\/\/hysay.com\/?s={search_term_string}\"},\"query-input\":{\"@type\":\"PropertyValueSpecification\",\"valueRequired\":true,\"valueName\":\"search_term_string\"}}],\"inLanguage\":\"pt-PT\"},{\"@type\":\"Organization\",\"@id\":\"https:\/\/hysay.com\/#organization\",\"name\":\"HySay\",\"url\":\"https:\/\/hysay.com\/\",\"logo\":{\"@type\":\"ImageObject\",\"inLanguage\":\"pt-PT\",\"@id\":\"https:\/\/hysay.com\/#\/schema\/logo\/image\/\",\"url\":\"https:\/\/hysay.com\/wp-content\/uploads\/2024\/12\/Logo2.png\",\"contentUrl\":\"https:\/\/hysay.com\/wp-content\/uploads\/2024\/12\/Logo2.png\",\"width\":843,\"height\":281,\"caption\":\"HySay\"},\"image\":{\"@id\":\"https:\/\/hysay.com\/#\/schema\/logo\/image\/\"}}]}<\/script>\n<!-- \/ Yoast SEO plugin. -->","yoast_head_json":{"title":"Terms & Conditions | HySay Textiles","description":"Are you looking for best home textiles, custom socks factory? We are the reliable partner manufacturer. Contact us!","robots":{"index":"index","follow":"follow","max-snippet":"max-snippet:-1","max-image-preview":"max-image-preview:large","max-video-preview":"max-video-preview:-1"},"canonical":"https:\/\/hysay.com\/pt\/terms-conditions\/","og_locale":"pt_PT","og_type":"article","og_title":"Terms & Conditions | HySay Textiles","og_description":"Are you looking for best home textiles, custom socks factory? We are the reliable partner manufacturer. Contact us!","og_url":"https:\/\/hysay.com\/pt\/terms-conditions\/","og_site_name":"HySay","article_modified_time":"2025-02-27T04:32:32+00:00","twitter_card":"summary_large_image","twitter_misc":{"Tempo estimado de leitura":"8 minutos"},"schema":{"@context":"https:\/\/schema.org","@graph":[{"@type":"WebPage","@id":"https:\/\/hysay.com\/terms-conditions\/","url":"https:\/\/hysay.com\/terms-conditions\/","name":"Terms & Conditions | HySay Textiles","isPartOf":{"@id":"https:\/\/hysay.com\/#website"},"datePublished":"2021-10-01T13:01:38+00:00","dateModified":"2025-02-27T04:32:32+00:00","description":"Are you looking for best home textiles, custom socks factory? We are the reliable partner manufacturer. Contact us!","breadcrumb":{"@id":"https:\/\/hysay.com\/terms-conditions\/#breadcrumb"},"inLanguage":"pt-PT","potentialAction":[{"@type":"ReadAction","target":["https:\/\/hysay.com\/terms-conditions\/"]}]},{"@type":"BreadcrumbList","@id":"https:\/\/hysay.com\/terms-conditions\/#breadcrumb","itemListElement":[{"@type":"ListItem","position":1,"name":"Home","item":"https:\/\/hysay.com\/"},{"@type":"ListItem","position":2,"name":"Terms &#038; Conditions"}]},{"@type":"WebSite","@id":"https:\/\/hysay.com\/#website","url":"https:\/\/hysay.com\/","name":"HySay","description":"","publisher":{"@id":"https:\/\/hysay.com\/#organization"},"potentialAction":[{"@type":"SearchAction","target":{"@type":"EntryPoint","urlTemplate":"https:\/\/hysay.com\/?s={search_term_string}"},"query-input":{"@type":"PropertyValueSpecification","valueRequired":true,"valueName":"search_term_string"}}],"inLanguage":"pt-PT"},{"@type":"Organization","@id":"https:\/\/hysay.com\/#organization","name":"HySay","url":"https:\/\/hysay.com\/","logo":{"@type":"ImageObject","inLanguage":"pt-PT","@id":"https:\/\/hysay.com\/#\/schema\/logo\/image\/","url":"https:\/\/hysay.com\/wp-content\/uploads\/2024\/12\/Logo2.png","contentUrl":"https:\/\/hysay.com\/wp-content\/uploads\/2024\/12\/Logo2.png","width":843,"height":281,"caption":"HySay"},"image":{"@id":"https:\/\/hysay.com\/#\/schema\/logo\/image\/"}}]}},"_links":{"self":[{"href":"https:\/\/hysay.com\/pt\/wp-json\/wp\/v2\/pages\/5475","targetHints":{"allow":["GET"]}}],"collection":[{"href":"https:\/\/hysay.com\/pt\/wp-json\/wp\/v2\/pages"}],"about":[{"href":"https:\/\/hysay.com\/pt\/wp-json\/wp\/v2\/types\/page"}],"author":[{"embeddable":true,"href":"https:\/\/hysay.com\/pt\/wp-json\/wp\/v2\/users\/1"}],"replies":[{"embeddable":true,"href":"https:\/\/hysay.com\/pt\/wp-json\/wp\/v2\/comments?post=5475"}],"version-history":[{"count":4,"href":"https:\/\/hysay.com\/pt\/wp-json\/wp\/v2\/pages\/5475\/revisions"}],"predecessor-version":[{"id":12244,"href":"https:\/\/hysay.com\/pt\/wp-json\/wp\/v2\/pages\/5475\/revisions\/12244"}],"wp:attachment":[{"href":"https:\/\/hysay.com\/pt\/wp-json\/wp\/v2\/media?parent=5475"}],"curies":[{"name":"wp","href":"https:\/\/api.w.org\/{rel}","templated":true}]}}